{"id":2214,"date":"2022-12-08T10:33:06","date_gmt":"2022-12-08T09:33:06","guid":{"rendered":"https:\/\/boeseler.net\/wp\/?page_id=2214"},"modified":"2023-04-05T09:06:55","modified_gmt":"2023-04-05T07:06:55","slug":"drechseln","status":"publish","type":"page","link":"https:\/\/boeseler.net\/wp\/holz\/drechseln\/","title":{"rendered":"Drechseln"},"content":{"rendered":"\n<p>Hier die ersten Ergebnisse beim Drechseln:<\/p>\n\n\n\n<p><a href=\"https:\/\/boeseler.net\/wp\/holz\/drechseln\/drechseln-laengsholz\/\">L\u00e4ngsholz drechseln<\/a><\/p>\n\n\n\n<figure class=\"wp-block-image size-large is-resized\"><img loading=\"lazy\" decoding=\"async\" src=\"https:\/\/boeseler.net\/wp\/wp-content\/uploads\/2023\/03\/20230301_155242-1024x702.jpg\" alt=\"\" class=\"wp-image-2893\" width=\"407\" height=\"278\" srcset=\"https:\/\/boeseler.net\/wp\/wp-content\/uploads\/2023\/03\/20230301_155242-1024x702.jpg 1024w, https:\/\/boeseler.net\/wp\/wp-content\/uploads\/2023\/03\/20230301_155242-300x206.jpg 300w, https:\/\/boeseler.net\/wp\/wp-content\/uploads\/2023\/03\/20230301_155242-768x526.jpg 768w, https:\/\/boeseler.net\/wp\/wp-content\/uploads\/2023\/03\/20230301_155242-1536x1053.jpg 1536w, https:\/\/boeseler.net\/wp\/wp-content\/uploads\/2023\/03\/20230301_155242-2048x1403.jpg 2048w, https:\/\/boeseler.net\/wp\/wp-content\/uploads\/2023\/03\/20230301_155242-1240x850.jpg 1240w, https:\/\/boeseler.net\/wp\/wp-content\/uploads\/2023\/03\/20230301_155242-508x348.jpg 508w\" sizes=\"auto, (max-width: 407px) 100vw, 407px\" \/><\/figure>\n\n\n\n<p><\/p>\n\n\n\n<figure class=\"wp-block-image size-large is-resized\"><img loading=\"lazy\" decoding=\"async\" src=\"https:\/\/boeseler.net\/wp\/wp-content\/uploads\/2023\/04\/20230330_130846_resized_1-1-679x1024.jpg\" alt=\"\" class=\"wp-image-2916\" width=\"409\" height=\"616\" srcset=\"https:\/\/boeseler.net\/wp\/wp-content\/uploads\/2023\/04\/20230330_130846_resized_1-1-679x1024.jpg 679w, https:\/\/boeseler.net\/wp\/wp-content\/uploads\/2023\/04\/20230330_130846_resized_1-1-199x300.jpg 199w, https:\/\/boeseler.net\/wp\/wp-content\/uploads\/2023\/04\/20230330_130846_resized_1-1-768x1159.jpg 768w, https:\/\/boeseler.net\/wp\/wp-content\/uploads\/2023\/04\/20230330_130846_resized_1-1.jpg 994w\" sizes=\"auto, (max-width: 409px) 100vw, 409px\" \/><\/figure>\n\n\n\n<p><\/p>\n\n\n\n<p><a rel=\"noreferrer noopener\" href=\"https:\/\/boeseler.net\/wp\/holz\/drechseln-querholz\/\" target=\"_blank\">Querholz drechseln<\/a><\/p>\n\n\n\n<figure class=\"wp-block-image size-large is-resized\"><img loading=\"lazy\" decoding=\"async\" src=\"https:\/\/boeseler.net\/wp\/wp-content\/uploads\/2023\/03\/20230223_100348-1024x444.jpg\" alt=\"\" class=\"wp-image-2894\" width=\"408\" height=\"177\" srcset=\"https:\/\/boeseler.net\/wp\/wp-content\/uploads\/2023\/03\/20230223_100348-1024x444.jpg 1024w, https:\/\/boeseler.net\/wp\/wp-content\/uploads\/2023\/03\/20230223_100348-300x130.jpg 300w, https:\/\/boeseler.net\/wp\/wp-content\/uploads\/2023\/03\/20230223_100348-768x333.jpg 768w, https:\/\/boeseler.net\/wp\/wp-content\/uploads\/2023\/03\/20230223_100348-1536x667.jpg 1536w, https:\/\/boeseler.net\/wp\/wp-content\/uploads\/2023\/03\/20230223_100348-2048x889.jpg 2048w, https:\/\/boeseler.net\/wp\/wp-content\/uploads\/2023\/03\/20230223_100348-1240x538.jpg 1240w, https:\/\/boeseler.net\/wp\/wp-content\/uploads\/2023\/03\/20230223_100348-508x220.jpg 508w\" sizes=\"auto, (max-width: 408px) 100vw, 408px\" \/><\/figure>\n\n\n\n<p><\/p>\n\n\n\n<figure class=\"wp-block-image size-large is-resized\"><img loading=\"lazy\" decoding=\"async\" src=\"https:\/\/boeseler.net\/wp\/wp-content\/uploads\/2023\/04\/20230226_143846-1024x686.jpg\" alt=\"\" class=\"wp-image-2917\" width=\"411\" height=\"274\" srcset=\"https:\/\/boeseler.net\/wp\/wp-content\/uploads\/2023\/04\/20230226_143846-1024x686.jpg 1024w, https:\/\/boeseler.net\/wp\/wp-content\/uploads\/2023\/04\/20230226_143846-300x201.jpg 300w, https:\/\/boeseler.net\/wp\/wp-content\/uploads\/2023\/04\/20230226_143846-1536x1029.jpg 1536w, https:\/\/boeseler.net\/wp\/wp-content\/uploads\/2023\/04\/20230226_143846-1240x831.jpg 1240w, https:\/\/boeseler.net\/wp\/wp-content\/uploads\/2023\/04\/20230226_143846-508x340.jpg 508w, https:\/\/boeseler.net\/wp\/wp-content\/uploads\/2023\/04\/20230226_143846.jpg 1818w\" sizes=\"auto, (max-width: 411px) 100vw, 411px\" \/><\/figure>\n\n\n\n<p><\/p>\n\n\n\n<p><strong>Wie es Begann &#8230;<\/strong><\/p>\n\n\n\n<p>Es gab immer mal wieder mal Themen, bei dem eine Drechselbank hilfreich gewesen w\u00e4re.<br>Jetzt wollte ich mich mit dem Thema Drechseln besch\u00e4ftigen und auch eine Maschine anschaffen.<\/p>\n\n\n\n<p>Bei der Suche nach Informationen hatte ich mir folgende Punkte notiert.<\/p>\n\n\n\n<p><strong>Maschine:<\/strong><\/p>\n\n\n\n<ul class=\"wp-block-list\">\n<li>ein festes Gu\u00dfeisen Maschinenbett\n<ul class=\"wp-block-list\">\n<li>Abma\u00dfe f\u00fcr Spindelweite und Spindeh\u00f6he bestimmen Maschine<\/li>\n\n\n\n<li>Was will ich drechseln =&gt; Bestimmung der Abma\u00dfe<\/li>\n<\/ul>\n<\/li>\n\n\n\n<li>Motorleistung beachten<\/li>\n\n\n\n<li>M\u00f6glichkeit der Erweiterbarkeit des Maschinenbetts<\/li>\n\n\n\n<li>stabiler fluchtenden Reitstock mit gro\u00dfen abgedichteten Lagern\n<ul class=\"wp-block-list\">\n<li>MK2 Konus<\/li>\n<\/ul>\n<\/li>\n\n\n\n<li>Spindelstock mit Durchsgangsbohrung\n<ul class=\"wp-block-list\">\n<li>M33 f\u00fcr Spannfutter<\/li>\n<\/ul>\n<\/li>\n\n\n\n<li>Antrieb mit Riemen und fester Drehzahl pro Einstellung\n<ul class=\"wp-block-list\">\n<li>+ Keine Drehzahl Schwankungen<\/li>\n\n\n\n<li>+ Motor l\u00e4uft immer im optimalen Drehmoment Bereich<\/li>\n\n\n\n<li>+ g\u00fcnstig<\/li>\n\n\n\n<li>&#8211; umst\u00e4ndlich bei der Umr\u00fcstung auf andere Drehzahl<\/li>\n\n\n\n<li>&#8211; eingeschr\u00e4nkte Drehzahl Bereiche<\/li>\n<\/ul>\n<\/li>\n\n\n\n<li>Antrieb mit FU (frequenz Umrichter)\n<ul class=\"wp-block-list\">\n<li>+ einfach regelbare Drehzahl Bereiche<\/li>\n\n\n\n<li>+ Das Drehmoment bleibt bei jeder Drehzahl erhalten<\/li>\n\n\n\n<li>+ M\u00f6glichkeit der Einstellung der optimen Drehzahl zur Vermeidung von Viratiionen<\/li>\n\n\n\n<li>+ sehr niedrige Drehzahlen m\u00f6glich<\/li>\n\n\n\n<li>+ M\u00f6glichkeit einer Bremswirkung bei Abschaltung<\/li>\n\n\n\n<li>+ Drehrichtungswechsel m\u00f6glich<\/li>\n\n\n\n<li>+ variables Bedienteil f\u00fcr Einstellung der Drehzahl m\u00f6glich<\/li>\n\n\n\n<li>&#8211; teurer bei der Anschaffung<\/li>\n<\/ul>\n<\/li>\n\n\n\n<li>stabile breite Werkzeugauflage\n<ul class=\"wp-block-list\">\n<li>einfach gute Verstellm\u00f6glichkeit<\/li>\n\n\n\n<li>Austausch des Tools f\u00fcr z.B. breite Auflage<\/li>\n<\/ul>\n<\/li>\n\n\n\n<li><\/li>\n<\/ul>\n\n\n\n<p><strong>Spannfutter<\/strong><\/p>\n\n\n\n<ul class=\"wp-block-list\">\n<li>4-Backen Drechselspannfutter k\u00f6nnen H\u00f6lzer spreizend oder klemmend aufgespannt werden<\/li>\n\n\n\n<li>Kleine Spannfutter mit einem Durchmesser von 50 bis 75 mm. \n<ul class=\"wp-block-list\">\n<li>Geeignet f\u00fcr kleinere Drechselarbeiten bis maximal 20 cm. <\/li>\n<\/ul>\n<\/li>\n\n\n\n<li>Mittlere Spannfutter mit einem Durchmesser von. 90 bis 100 mm\n<ul class=\"wp-block-list\">\n<li>Mit einem Futter in dieser Gr\u00f6\u00dfe kann man gleicherma\u00dfen sehr gro\u00dfe aber auch sehr kleine Objekte drechseln.<\/li>\n<\/ul>\n<\/li>\n\n\n\n<li>Gro\u00dfe Futter haben einen Durchmesser von 110 bis 125 mm \n<ul class=\"wp-block-list\">\n<li>Futter in solch einer Gr\u00f6\u00dfenordnung ben\u00f6tigt man wenn man besonders gro\u00dfe Schalen, Teller und Vasen\/Hohlformen drechselt.<\/li>\n<\/ul>\n<\/li>\n<\/ul>\n\n\n\n<p>Spannbacken<\/p>\n\n\n\n<ul class=\"wp-block-list\">\n<li>im Spannfutter k\u00f6nnen verschiedene Spannbacken genutzt werden\n<ul class=\"wp-block-list\">\n<li>je nach Gr\u00f6\u00dfe des Werkst\u00fcckes und der Art der Spannung (Innen und Aussen)<\/li>\n<\/ul>\n<\/li>\n<\/ul>\n\n\n\n<p><strong>Drechselmesser \/ Drechselwerkzeuge<\/strong><\/p>\n\n\n\n<p>Es gibt grunds\u00e4tzlich drei verschiedene Bearbeitungsformen<\/p>\n\n\n\n<ul class=\"wp-block-list\">\n<li>Langholzdrechseln\n<ul class=\"wp-block-list\">\n<li>hierbei wird das Holz zwischen den Spitzen eingespannt<\/li>\n\n\n\n<li>Zur Bearbeitung an der Spindel parallel bis winkelig<\/li>\n\n\n\n<li>Typische Werkzeuge sind Formr\u00f6hre, Mei\u00dfel und Abstecher<\/li>\n<\/ul>\n<\/li>\n\n\n\n<li>Querholzdrechseln\n<ul class=\"wp-block-list\">\n<li>Ist das Drechseln von Schalen und Tellern<\/li>\n\n\n\n<li>typische Werkzeuge sind die Schalenr\u00f6hren<\/li>\n<\/ul>\n<\/li>\n\n\n\n<li>Hirnholz&nbsp;\n<ul class=\"wp-block-list\">\n<li>Drechseln von Dosen und Vasen<\/li>\n\n\n\n<li>Stirnseitig in das Holz drechseln<\/li>\n\n\n\n<li>Bearbeitung mit Haken oder dem Ringeisen<\/li>\n<\/ul>\n<\/li>\n<\/ul>\n\n\n\n<p><\/p>\n\n\n\n<p><\/p>\n\n\n\n<p><\/p>\n","protected":false},"excerpt":{"rendered":"<p>Hier die ersten Ergebnisse beim Drechseln: L\u00e4ngsholz drechseln Querholz drechseln Wie es Begann &#8230; Es gab immer mal wieder mal Themen, bei dem eine Drechselbank hilfreich gewesen w\u00e4re.Jetzt wollte ich mich mit dem Thema Drechseln besch\u00e4ftigen und auch eine Maschine anschaffen. Bei der Suche nach Informationen hatte ich mir folgende Punkte notiert. Maschine: Spannfutter Spannbacken [&hellip;]<\/p>\n","protected":false},"author":1,"featured_media":0,"parent":17,"menu_order":0,"comment_status":"closed","ping_status":"closed","template":"","meta":{"ngg_post_thumbnail":0,"footnotes":""},"class_list":["post-2214","page","type-page","status-publish","hentry"],"_links":{"self":[{"href":"https:\/\/boeseler.net\/wp\/wp-json\/wp\/v2\/pages\/2214","targetHints":{"allow":["GET"]}}],"collection":[{"href":"https:\/\/boeseler.net\/wp\/wp-json\/wp\/v2\/pages"}],"about":[{"href":"https:\/\/boeseler.net\/wp\/wp-json\/wp\/v2\/types\/page"}],"author":[{"embeddable":true,"href":"https:\/\/boeseler.net\/wp\/wp-json\/wp\/v2\/users\/1"}],"replies":[{"embeddable":true,"href":"https:\/\/boeseler.net\/wp\/wp-json\/wp\/v2\/comments?post=2214"}],"version-history":[{"count":5,"href":"https:\/\/boeseler.net\/wp\/wp-json\/wp\/v2\/pages\/2214\/revisions"}],"predecessor-version":[{"id":2918,"href":"https:\/\/boeseler.net\/wp\/wp-json\/wp\/v2\/pages\/2214\/revisions\/2918"}],"up":[{"embeddable":true,"href":"https:\/\/boeseler.net\/wp\/wp-json\/wp\/v2\/pages\/17"}],"wp:attachment":[{"href":"https:\/\/boeseler.net\/wp\/wp-json\/wp\/v2\/media?parent=2214"}],"curies":[{"name":"wp","href":"https:\/\/api.w.org\/{rel}","templated":true}]}}